{"id":762,"date":"2015-04-03T19:48:04","date_gmt":"2015-04-03T19:48:04","guid":{"rendered":"http:\/\/www.laphotodanslecadre.fr\/wordpress\/?page_id=762"},"modified":"2015-04-03T20:21:46","modified_gmt":"2015-04-03T20:21:46","slug":"2014-2","status":"publish","type":"page","link":"https:\/\/www.laphotodanslecadre.fr\/wordpress\/pernes-les-photos\/2014-2\/","title":{"rendered":"2014"},"content":{"rendered":"<p><strong><em>28 et 29 juin 2014 &#8211; Pernes les Fontaines (84 &#8211; Vaucluse)<br \/>\n<\/em><\/strong><\/p>\n<pre style=\"text-align: justify;\">Pour la 15\u00e8me \u00e9dition de Pernes les photos, les membres de l'association \"La photo dans le cadre\" (qui compte une vingtaine de photographes) pr\u00e9senteront une s\u00e9lection de leur travail. Entre 300 et 400 photos seront expos\u00e9es. Les deux invit\u00e9s d'honneur seront <strong>Ren\u00e9 Jamet,<\/strong> membre fondateur de l'association et <strong>R\u00e9mi Michel<\/strong>, photographe r\u00e9gionaliste comtadin.<\/pre>\n<p><img fetchpriority=\"high\" decoding=\"async\" class=\"ngg-singlepic ngg-center\" src=\"http:\/\/www.laphotodanslecadre.fr\/wordpress\/wp-content\/gallery\/programmes\/Flyaer2014-1.jpg\" alt=\"Flyaer2014-1.jpg\" width=\"378\" height=\"796\" \/><\/p>\n","protected":false},"excerpt":{"rendered":"<p>28 et 29 juin 2014 &#8211; Pernes les Fontaines (84 &#8211; Vaucluse) Pour la 15\u00e8me \u00e9dition de Pernes les photos, les membres de l&rsquo;association \u00ab\u00a0La photo dans le cadre\u00a0\u00bb (qui compte une vingtaine de photographes) pr\u00e9senteront une s\u00e9lection de leur travail. Entre 300 et 400 photos seront expos\u00e9es. Les deux invit\u00e9s d&rsquo;honneur seront Ren\u00e9 Jamet, &hellip; <a href=\"https:\/\/www.laphotodanslecadre.fr\/wordpress\/pernes-les-photos\/2014-2\/\" class=\"more-link\">Continuer la lecture de <span class=\"screen-reader-text\">2014<\/span>  <span class=\"meta-nav\">&rarr;<\/span><\/a><\/p>\n","protected":false},"author":1,"featured_media":0,"parent":714,"menu_order":0,"comment_status":"closed","ping_status":"open","template":"","meta":{"ngg_post_thumbnail":0,"footnotes":""},"class_list":["post-762","page","type-page","status-publish","hentry"],"_links":{"self":[{"href":"https:\/\/www.laphotodanslecadre.fr\/wordpress\/wp-json\/wp\/v2\/pages\/762","targetHints":{"allow":["GET"]}}],"collection":[{"href":"https:\/\/www.laphotodanslecadre.fr\/wordpress\/wp-json\/wp\/v2\/pages"}],"about":[{"href":"https:\/\/www.laphotodanslecadre.fr\/wordpress\/wp-json\/wp\/v2\/types\/page"}],"author":[{"embeddable":true,"href":"https:\/\/www.laphotodanslecadre.fr\/wordpress\/wp-json\/wp\/v2\/users\/1"}],"replies":[{"embeddable":true,"href":"https:\/\/www.laphotodanslecadre.fr\/wordpress\/wp-json\/wp\/v2\/comments?post=762"}],"version-history":[{"count":6,"href":"https:\/\/www.laphotodanslecadre.fr\/wordpress\/wp-json\/wp\/v2\/pages\/762\/revisions"}],"predecessor-version":[{"id":774,"href":"https:\/\/www.laphotodanslecadre.fr\/wordpress\/wp-json\/wp\/v2\/pages\/762\/revisions\/774"}],"up":[{"embeddable":true,"href":"https:\/\/www.laphotodanslecadre.fr\/wordpress\/wp-json\/wp\/v2\/pages\/714"}],"wp:attachment":[{"href":"https:\/\/www.laphotodanslecadre.fr\/wordpress\/wp-json\/wp\/v2\/media?parent=762"}],"curies":[{"name":"wp","href":"https:\/\/api.w.org\/{rel}","templated":true}]}}