{"id":757,"date":"2015-04-03T19:43:12","date_gmt":"2015-04-03T19:43:12","guid":{"rendered":"http:\/\/www.laphotodanslecadre.fr\/wordpress\/?page_id=757"},"modified":"2015-04-03T20:20:31","modified_gmt":"2015-04-03T20:20:31","slug":"2013-2","status":"publish","type":"page","link":"https:\/\/www.laphotodanslecadre.fr\/wordpress\/pernes-les-photos\/2013-2\/","title":{"rendered":"2013"},"content":{"rendered":"<p><em><strong>29 et 30 juin 2013 &#8211; Pernes les Fontaines (84 &#8211; Vaucluse)<\/strong><\/em><\/p>\n<pre>Les \"Nocturnes de Pernes les Photos\" se d\u00e9rouleront le samedi 29 et le dimanche 30 juin 2013.<\/pre>\n<pre>Le photographe Hans Silvester sera notre invit\u00e9 d'honneur et il exposera deux s\u00e9ries de photos. Sous la grande halle, ce sont les \"Chevaux de Camargue\" qui feront une pose pour le week end : une s\u00e9rie de 12 tirages au format imposant de 2,20 par 1,60 m. A la galerie de l'abattoir, Hans Silvester exposera une s\u00e9rie de photos baptis\u00e9e \"Jeux de p\u00e9tanque\", des photos en noir et blanc r\u00e9alis\u00e9es en 1976 et tir\u00e9es au format 24 x 30 cm.<\/pre>\n<pre>Les 17 photographes que compte l'association exposeront \u00e9galement une s\u00e9lection de leur travail, tout comme les artistes invit\u00e9s qui s'installeront sur la Place du Cormoran et \u00e0 la Chapelle Notre Dame. Une partie de l'exposition sera reprise et expos\u00e9e \u00e0 la Chapelle des P\u00e9nitents blancs \u00e0 Pernes les Fontaines du 5 au 18 juillet.<\/pre>\n<p><img fetchpriority=\"high\" decoding=\"async\" class=\"ngg-singlepic ngg-center\" src=\"http:\/\/www.laphotodanslecadre.fr\/wordpress\/wp-content\/gallery\/programmes\/2013.jpg\" alt=\"2013.jpg\" width=\"390\" height=\"819\" \/><\/p>\n","protected":false},"excerpt":{"rendered":"<p>29 et 30 juin 2013 &#8211; Pernes les Fontaines (84 &#8211; Vaucluse) Les \u00ab\u00a0Nocturnes de Pernes les Photos\u00a0\u00bb se d\u00e9rouleront le samedi 29 et le dimanche 30 juin 2013. Le photographe Hans Silvester sera notre invit\u00e9 d&rsquo;honneur et il exposera deux s\u00e9ries de photos. Sous la grande halle, ce sont les \u00ab\u00a0Chevaux de Camargue\u00a0\u00bb qui &hellip; <a href=\"https:\/\/www.laphotodanslecadre.fr\/wordpress\/pernes-les-photos\/2013-2\/\" class=\"more-link\">Continuer la lecture de <span class=\"screen-reader-text\">2013<\/span>  <span class=\"meta-nav\">&rarr;<\/span><\/a><\/p>\n","protected":false},"author":1,"featured_media":0,"parent":714,"menu_order":0,"comment_status":"closed","ping_status":"open","template":"","meta":{"ngg_post_thumbnail":0,"footnotes":""},"class_list":["post-757","page","type-page","status-publish","hentry"],"_links":{"self":[{"href":"https:\/\/www.laphotodanslecadre.fr\/wordpress\/wp-json\/wp\/v2\/pages\/757","targetHints":{"allow":["GET"]}}],"collection":[{"href":"https:\/\/www.laphotodanslecadre.fr\/wordpress\/wp-json\/wp\/v2\/pages"}],"about":[{"href":"https:\/\/www.laphotodanslecadre.fr\/wordpress\/wp-json\/wp\/v2\/types\/page"}],"author":[{"embeddable":true,"href":"https:\/\/www.laphotodanslecadre.fr\/wordpress\/wp-json\/wp\/v2\/users\/1"}],"replies":[{"embeddable":true,"href":"https:\/\/www.laphotodanslecadre.fr\/wordpress\/wp-json\/wp\/v2\/comments?post=757"}],"version-history":[{"count":5,"href":"https:\/\/www.laphotodanslecadre.fr\/wordpress\/wp-json\/wp\/v2\/pages\/757\/revisions"}],"predecessor-version":[{"id":772,"href":"https:\/\/www.laphotodanslecadre.fr\/wordpress\/wp-json\/wp\/v2\/pages\/757\/revisions\/772"}],"up":[{"embeddable":true,"href":"https:\/\/www.laphotodanslecadre.fr\/wordpress\/wp-json\/wp\/v2\/pages\/714"}],"wp:attachment":[{"href":"https:\/\/www.laphotodanslecadre.fr\/wordpress\/wp-json\/wp\/v2\/media?parent=757"}],"curies":[{"name":"wp","href":"https:\/\/api.w.org\/{rel}","templated":true}]}}