{"id":748,"date":"2015-04-03T19:38:54","date_gmt":"2015-04-03T19:38:54","guid":{"rendered":"http:\/\/www.laphotodanslecadre.fr\/wordpress\/?page_id=748"},"modified":"2015-04-03T20:26:38","modified_gmt":"2015-04-03T20:26:38","slug":"2011-2","status":"publish","type":"page","link":"https:\/\/www.laphotodanslecadre.fr\/wordpress\/pernes-les-photos\/2011-2\/","title":{"rendered":"2011"},"content":{"rendered":"<p><em><strong>2 et 3 juillet 2011 \u2013 Pernes les Fontaines (84 \u2013 Vaucluse)<\/strong><\/em><\/p>\n<pre><strong>Fr\u00e9d\u00e9ric POULAIN<\/strong>\r\n<em>\u00ab Camargue \u00bb<\/em>\r\n\r\nDes images tr\u00e8s contrast\u00e9es, tr\u00e8s granuleuses, qui \u00e9voquent quelquefois des photos anciennes. Difficile de savoir \u00e0 quelle \u00e9poque ces images ont \u00e9t\u00e9 prises, ni o\u00f9. Ces lieux existent-ils vraiment, ou ont-ils \u00e9t\u00e9 imagin\u00e9s ? Et si tout ceci n\u2019est pas r\u00e9el, s\u2019agit-il d\u2019un r\u00eave ou d\u2019un cauchemar ?\r\nM\u00eame si des \u00e9l\u00e9ments repr\u00e9sentatifs de la Camargue apparaissent ici ou l\u00e0 (chevaux, roseaux, \u00e9tangs, \u2026), il s\u2019agit plus ici de sensations \u00e9prouv\u00e9es devant des paysages de Camargue, que de descriptions des paysages eux-m\u00eames.<\/pre>\n<p><img decoding=\"async\" class=\"ngg-singlepic ngg-center\" src=\"http:\/\/www.laphotodanslecadre.fr\/wordpress\/wp-content\/gallery\/programmes\/2011.jpg\" alt=\"2011.jpg\" \/><\/p>\n","protected":false},"excerpt":{"rendered":"<p>2 et 3 juillet 2011 \u2013 Pernes les Fontaines (84 \u2013 Vaucluse) Fr\u00e9d\u00e9ric POULAIN \u00ab Camargue \u00bb Des images tr\u00e8s contrast\u00e9es, tr\u00e8s granuleuses, qui \u00e9voquent quelquefois des photos anciennes. Difficile de savoir \u00e0 quelle \u00e9poque ces images ont \u00e9t\u00e9 prises, ni o\u00f9. Ces lieux existent-ils vraiment, ou ont-ils \u00e9t\u00e9 imagin\u00e9s ? Et si tout ceci &hellip; <a href=\"https:\/\/www.laphotodanslecadre.fr\/wordpress\/pernes-les-photos\/2011-2\/\" class=\"more-link\">Continuer la lecture de <span class=\"screen-reader-text\">2011<\/span>  <span class=\"meta-nav\">&rarr;<\/span><\/a><\/p>\n","protected":false},"author":1,"featured_media":0,"parent":714,"menu_order":0,"comment_status":"closed","ping_status":"open","template":"","meta":{"ngg_post_thumbnail":0,"footnotes":""},"class_list":["post-748","page","type-page","status-publish","hentry"],"_links":{"self":[{"href":"https:\/\/www.laphotodanslecadre.fr\/wordpress\/wp-json\/wp\/v2\/pages\/748","targetHints":{"allow":["GET"]}}],"collection":[{"href":"https:\/\/www.laphotodanslecadre.fr\/wordpress\/wp-json\/wp\/v2\/pages"}],"about":[{"href":"https:\/\/www.laphotodanslecadre.fr\/wordpress\/wp-json\/wp\/v2\/types\/page"}],"author":[{"embeddable":true,"href":"https:\/\/www.laphotodanslecadre.fr\/wordpress\/wp-json\/wp\/v2\/users\/1"}],"replies":[{"embeddable":true,"href":"https:\/\/www.laphotodanslecadre.fr\/wordpress\/wp-json\/wp\/v2\/comments?post=748"}],"version-history":[{"count":3,"href":"https:\/\/www.laphotodanslecadre.fr\/wordpress\/wp-json\/wp\/v2\/pages\/748\/revisions"}],"predecessor-version":[{"id":776,"href":"https:\/\/www.laphotodanslecadre.fr\/wordpress\/wp-json\/wp\/v2\/pages\/748\/revisions\/776"}],"up":[{"embeddable":true,"href":"https:\/\/www.laphotodanslecadre.fr\/wordpress\/wp-json\/wp\/v2\/pages\/714"}],"wp:attachment":[{"href":"https:\/\/www.laphotodanslecadre.fr\/wordpress\/wp-json\/wp\/v2\/media?parent=748"}],"curies":[{"name":"wp","href":"https:\/\/api.w.org\/{rel}","templated":true}]}}