{"id":744,"date":"2015-04-03T19:37:48","date_gmt":"2015-04-03T19:37:48","guid":{"rendered":"http:\/\/www.laphotodanslecadre.fr\/wordpress\/?page_id=744"},"modified":"2015-04-03T20:34:35","modified_gmt":"2015-04-03T20:34:35","slug":"2009-2","status":"publish","type":"page","link":"https:\/\/www.laphotodanslecadre.fr\/wordpress\/pernes-les-photos\/2009-2\/","title":{"rendered":"2009"},"content":{"rendered":"<p><strong><em>4 et 5 juillet 2009 \u2013 Pernes les Fontaines (84 \u2013 Vaucluse)<\/em><\/strong><\/p>\n<pre style=\"text-align: justify;\">PARMI D'AUTRES POSSIBLES\r\nphotographies de Brigitte Palaggi\r\n\r\nBrigitte Palaggi est avant tout photographe. Une photographe qui d\u00e9couvre cet art \u00e0 l\u2019adolescence et le pratique depuis.\r\nExplorant son parcours depuis ses d\u00e9buts (soit trente ans de photographie, 1976-2006), exposition et monographie proposent\r\nune s\u00e9lection d\u2019images en noir et blanc, souvent in\u00e9dites,t\u00e9moignant de diff\u00e9rents travaux men\u00e9s jusqu\u2019ici, de quelques s\u00e9ries en cours, de ses centres d\u2019int\u00e9r\u00eats et de ses partis-pris\r\nartistiques.<\/pre>\n<p><img decoding=\"async\" class=\"ngg-singlepic ngg-center aligncenter\" src=\"http:\/\/www.laphotodanslecadre.fr\/wordpress\/wp-content\/gallery\/programmes\/2009.jpg\" alt=\"2009.jpg\" \/><\/p>\n","protected":false},"excerpt":{"rendered":"<p>4 et 5 juillet 2009 \u2013 Pernes les Fontaines (84 \u2013 Vaucluse) PARMI D&rsquo;AUTRES POSSIBLES photographies de Brigitte Palaggi Brigitte Palaggi est avant tout photographe. Une photographe qui d\u00e9couvre cet art \u00e0 l\u2019adolescence et le pratique depuis. Explorant son parcours depuis ses d\u00e9buts (soit trente ans de photographie, 1976-2006), exposition et monographie proposent une s\u00e9lection &hellip; <a href=\"https:\/\/www.laphotodanslecadre.fr\/wordpress\/pernes-les-photos\/2009-2\/\" class=\"more-link\">Continuer la lecture de <span class=\"screen-reader-text\">2009<\/span>  <span class=\"meta-nav\">&rarr;<\/span><\/a><\/p>\n","protected":false},"author":1,"featured_media":0,"parent":714,"menu_order":0,"comment_status":"closed","ping_status":"open","template":"","meta":{"ngg_post_thumbnail":0,"footnotes":""},"class_list":["post-744","page","type-page","status-publish","hentry"],"_links":{"self":[{"href":"https:\/\/www.laphotodanslecadre.fr\/wordpress\/wp-json\/wp\/v2\/pages\/744","targetHints":{"allow":["GET"]}}],"collection":[{"href":"https:\/\/www.laphotodanslecadre.fr\/wordpress\/wp-json\/wp\/v2\/pages"}],"about":[{"href":"https:\/\/www.laphotodanslecadre.fr\/wordpress\/wp-json\/wp\/v2\/types\/page"}],"author":[{"embeddable":true,"href":"https:\/\/www.laphotodanslecadre.fr\/wordpress\/wp-json\/wp\/v2\/users\/1"}],"replies":[{"embeddable":true,"href":"https:\/\/www.laphotodanslecadre.fr\/wordpress\/wp-json\/wp\/v2\/comments?post=744"}],"version-history":[{"count":3,"href":"https:\/\/www.laphotodanslecadre.fr\/wordpress\/wp-json\/wp\/v2\/pages\/744\/revisions"}],"predecessor-version":[{"id":780,"href":"https:\/\/www.laphotodanslecadre.fr\/wordpress\/wp-json\/wp\/v2\/pages\/744\/revisions\/780"}],"up":[{"embeddable":true,"href":"https:\/\/www.laphotodanslecadre.fr\/wordpress\/wp-json\/wp\/v2\/pages\/714"}],"wp:attachment":[{"href":"https:\/\/www.laphotodanslecadre.fr\/wordpress\/wp-json\/wp\/v2\/media?parent=744"}],"curies":[{"name":"wp","href":"https:\/\/api.w.org\/{rel}","templated":true}]}}