{"id":740,"date":"2015-04-03T19:36:30","date_gmt":"2015-04-03T19:36:30","guid":{"rendered":"http:\/\/www.laphotodanslecadre.fr\/wordpress\/?page_id=740"},"modified":"2015-04-03T20:46:56","modified_gmt":"2015-04-03T20:46:56","slug":"2007-2","status":"publish","type":"page","link":"https:\/\/www.laphotodanslecadre.fr\/wordpress\/pernes-les-photos\/2007-2\/","title":{"rendered":"2007"},"content":{"rendered":"<p><em><strong>7 et 8 juillet 2007 \u2013 Pernes les Fontaines (84 \u2013 Vaucluse)<\/strong><\/em><\/p>\n<p style=\"text-align: center;\">Jean-Fran\u00e7ois ALESSANDRI : Elle(s)<\/p>\n<pre>Accueillir en tant qu\u2019invit\u00e9 d\u2019honneur Jean-\r\nFran\u00e7ois Alessandri, c\u2019est donner carte\r\nblanche \u00e0 un photographe dont le travail est connu du large public. Faut-il rappeler la qualit\u00e9 de ses images consacr\u00e9es \u00e0 la Provence, images largement diffus\u00e9es en cartes postales et en posters ...\r\nMais au-del\u00e0 de son travail d\u2019\u00e9dition, Jean-\r\nFran\u00e7ois Alessandri aime la photographie de fa\u00e7on\r\nvitale. Tout peut attirer son oeil aux aguets. Il\r\naime \u00e0 photographier l\u2019\u00eatre humain. Et en\r\npremier lieu, la femme. \r\nLes femmes. Toutes les femmes. \u00ab Elle(s) \u00bb aux\r\nmultiples facettes<\/pre>\n<p><img decoding=\"async\" class=\"ngg-singlepic ngg-center aligncenter\" src=\"http:\/\/www.laphotodanslecadre.fr\/wordpress\/wp-content\/gallery\/programmes\/2007.jpg\" alt=\"2007.jpg\" \/><\/p>\n","protected":false},"excerpt":{"rendered":"<p>7 et 8 juillet 2007 \u2013 Pernes les Fontaines (84 \u2013 Vaucluse) Jean-Fran\u00e7ois ALESSANDRI : Elle(s) Accueillir en tant qu\u2019invit\u00e9 d\u2019honneur Jean- Fran\u00e7ois Alessandri, c\u2019est donner carte blanche \u00e0 un photographe dont le travail est connu du large public. Faut-il rappeler la qualit\u00e9 de ses images consacr\u00e9es \u00e0 la Provence, images largement diffus\u00e9es en cartes &hellip; <a href=\"https:\/\/www.laphotodanslecadre.fr\/wordpress\/pernes-les-photos\/2007-2\/\" class=\"more-link\">Continuer la lecture de <span class=\"screen-reader-text\">2007<\/span>  <span class=\"meta-nav\">&rarr;<\/span><\/a><\/p>\n","protected":false},"author":1,"featured_media":0,"parent":714,"menu_order":0,"comment_status":"closed","ping_status":"open","template":"","meta":{"ngg_post_thumbnail":0,"footnotes":""},"class_list":["post-740","page","type-page","status-publish","hentry"],"_links":{"self":[{"href":"https:\/\/www.laphotodanslecadre.fr\/wordpress\/wp-json\/wp\/v2\/pages\/740","targetHints":{"allow":["GET"]}}],"collection":[{"href":"https:\/\/www.laphotodanslecadre.fr\/wordpress\/wp-json\/wp\/v2\/pages"}],"about":[{"href":"https:\/\/www.laphotodanslecadre.fr\/wordpress\/wp-json\/wp\/v2\/types\/page"}],"author":[{"embeddable":true,"href":"https:\/\/www.laphotodanslecadre.fr\/wordpress\/wp-json\/wp\/v2\/users\/1"}],"replies":[{"embeddable":true,"href":"https:\/\/www.laphotodanslecadre.fr\/wordpress\/wp-json\/wp\/v2\/comments?post=740"}],"version-history":[{"count":5,"href":"https:\/\/www.laphotodanslecadre.fr\/wordpress\/wp-json\/wp\/v2\/pages\/740\/revisions"}],"predecessor-version":[{"id":786,"href":"https:\/\/www.laphotodanslecadre.fr\/wordpress\/wp-json\/wp\/v2\/pages\/740\/revisions\/786"}],"up":[{"embeddable":true,"href":"https:\/\/www.laphotodanslecadre.fr\/wordpress\/wp-json\/wp\/v2\/pages\/714"}],"wp:attachment":[{"href":"https:\/\/www.laphotodanslecadre.fr\/wordpress\/wp-json\/wp\/v2\/media?parent=740"}],"curies":[{"name":"wp","href":"https:\/\/api.w.org\/{rel}","templated":true}]}}