{"id":738,"date":"2015-04-03T19:35:59","date_gmt":"2015-04-03T19:35:59","guid":{"rendered":"http:\/\/www.laphotodanslecadre.fr\/wordpress\/?page_id=738"},"modified":"2015-04-03T20:50:47","modified_gmt":"2015-04-03T20:50:47","slug":"2006-2","status":"publish","type":"page","link":"https:\/\/www.laphotodanslecadre.fr\/wordpress\/pernes-les-photos\/2006-2\/","title":{"rendered":"2006"},"content":{"rendered":"<p><em><strong>1 et 2 juillet 2006 \u2013 Pernes les Fontaines (84 \u2013 Vaucluse)<\/strong><\/em><\/p>\n<p style=\"text-align: center;\">Odile PASCAL : l&rsquo;Effet Papillon<\/p>\n<pre>Quel adjectif choisir pour \u00e9voquer le travail d\u2019Odile Pascal ? \u0152uvre personnelle, onirique,\r\nharmonieuse, \u2026 Et si l\u2019important n\u2019\u00e9tait pas tant dans la qualification que dans le mouvement int\u00e9rieur, l\u2019\u00e9motion que ces images suscitent \u2026\r\nMais avant que le regard du spectateur n\u2019acc\u00e8de \u00e0 ce monde singulier, il y a le temps de l\u2019artiste, celui de la n\u00e9cessaire maturation, de la cr\u00e9ation vitale. Une alchimie alliant tradition et technologie, ma\u00eetrise et surprise. Les images d\u2019Odile puisent \u00e0 diff\u00e9rentes sources photographiques, picturales et cin\u00e9matographiques. Elles sont le fruit d\u2019une complicit\u00e9 entre la photographe et son mod\u00e8le. Elles \u00e9manent de situations o\u00f9 la personne, et en\r\nparticulier la figure f\u00e9minine, est centrale. Apr\u00e8s la prise de vue en studio, vient le temps lent de l\u2019artisan s\u2019alliant la puissance de l\u2019outil informatique. Devant l\u2019\u00e9cran, l\u2019image est accouch\u00e9e, habill\u00e9e de lumi\u00e8res, d\u2019ombres et de couleurs, peupl\u00e9e d\u2019imaginaires et de fantaisies, sublim\u00e9e ...<\/pre>\n<p><img decoding=\"async\" class=\"ngg-singlepic ngg-center aligncenter\" src=\"http:\/\/www.laphotodanslecadre.fr\/wordpress\/wp-content\/gallery\/programmes\/2006.jpg\" alt=\"2006.jpg\" \/><\/p>\n","protected":false},"excerpt":{"rendered":"<p>1 et 2 juillet 2006 \u2013 Pernes les Fontaines (84 \u2013 Vaucluse) Odile PASCAL : l&rsquo;Effet Papillon Quel adjectif choisir pour \u00e9voquer le travail d\u2019Odile Pascal ? \u0152uvre personnelle, onirique, harmonieuse, \u2026 Et si l\u2019important n\u2019\u00e9tait pas tant dans la qualification que dans le mouvement int\u00e9rieur, l\u2019\u00e9motion que ces images suscitent \u2026 Mais avant que &hellip; <a href=\"https:\/\/www.laphotodanslecadre.fr\/wordpress\/pernes-les-photos\/2006-2\/\" class=\"more-link\">Continuer la lecture de <span class=\"screen-reader-text\">2006<\/span>  <span class=\"meta-nav\">&rarr;<\/span><\/a><\/p>\n","protected":false},"author":1,"featured_media":0,"parent":714,"menu_order":0,"comment_status":"closed","ping_status":"open","template":"","meta":{"ngg_post_thumbnail":0,"footnotes":""},"class_list":["post-738","page","type-page","status-publish","hentry"],"_links":{"self":[{"href":"https:\/\/www.laphotodanslecadre.fr\/wordpress\/wp-json\/wp\/v2\/pages\/738","targetHints":{"allow":["GET"]}}],"collection":[{"href":"https:\/\/www.laphotodanslecadre.fr\/wordpress\/wp-json\/wp\/v2\/pages"}],"about":[{"href":"https:\/\/www.laphotodanslecadre.fr\/wordpress\/wp-json\/wp\/v2\/types\/page"}],"author":[{"embeddable":true,"href":"https:\/\/www.laphotodanslecadre.fr\/wordpress\/wp-json\/wp\/v2\/users\/1"}],"replies":[{"embeddable":true,"href":"https:\/\/www.laphotodanslecadre.fr\/wordpress\/wp-json\/wp\/v2\/comments?post=738"}],"version-history":[{"count":3,"href":"https:\/\/www.laphotodanslecadre.fr\/wordpress\/wp-json\/wp\/v2\/pages\/738\/revisions"}],"predecessor-version":[{"id":788,"href":"https:\/\/www.laphotodanslecadre.fr\/wordpress\/wp-json\/wp\/v2\/pages\/738\/revisions\/788"}],"up":[{"embeddable":true,"href":"https:\/\/www.laphotodanslecadre.fr\/wordpress\/wp-json\/wp\/v2\/pages\/714"}],"wp:attachment":[{"href":"https:\/\/www.laphotodanslecadre.fr\/wordpress\/wp-json\/wp\/v2\/media?parent=738"}],"curies":[{"name":"wp","href":"https:\/\/api.w.org\/{rel}","templated":true}]}}