{"id":736,"date":"2015-04-03T19:35:18","date_gmt":"2015-04-03T19:35:18","guid":{"rendered":"http:\/\/www.laphotodanslecadre.fr\/wordpress\/?page_id=736"},"modified":"2015-04-03T20:56:18","modified_gmt":"2015-04-03T20:56:18","slug":"2005-2","status":"publish","type":"page","link":"https:\/\/www.laphotodanslecadre.fr\/wordpress\/pernes-les-photos\/2005-2\/","title":{"rendered":"2005"},"content":{"rendered":"<p><strong><em>1 au 10 juillet 2005 \u2013 Pernes les Fontaines (84 \u2013 Vaucluse)<\/em><\/strong><\/p>\n<p style=\"text-align: center;\">Philippe RICHAUD : Provence sauvage<\/p>\n<pre style=\"text-align: left;\">\"N\u00e9 en 1966, je r\u00e9side \u00e0 Aubagne, dans le sud de la France. Mon temps libre m\u2019entra\u00eene \u00e0 parcourir\r\nle Grand Sud \u00e0 la d\u00e9couverte de nos paysages naturels.\r\nAutodidacte, la chambre grand format 4x5 est l\u2019aboutissement de ma d\u00e9marche photographique.\r\nCette passion est n\u00e9e suite \u00e0 la d\u00e9couverte des paysages Am\u00e9ricains de la c\u00f4te Ouest. A mes d\u00e9buts, le format 24x36 occupait tout mon esprit, mais une deuxi\u00e8me r\u00e9v\u00e9lation m\u2019a fait basculer dans l\u2019univers du Grand Format : David Muench et son ouvrage Nature\u2019s America. D\u00e8s lors, j\u2019ai fait l\u2019acquisition en 1999 d\u2019une chambre photographique et depuis j\u2019ai trouv\u00e9 la communion avec l\u2019\u00e9l\u00e9ment photographi\u00e9.\r\nLa lenteur de mise en place de cet outil me pousse \u00e0 m\u2019impr\u00e9gner totalement de mon environnement. Mon regard sur la Nature est\r\ntotalement diff\u00e9rent. Je prends le temps, d\u00e9couvre le rythme des saisons, la force des quatre \u00e9l\u00e9ments. Je ne photographie plus, je\r\nt\u00e9moigne de l\u2019existence m\u00eame de la Beaut\u00e9 aux portes de nos villes. La Nature est belle tout simplement.\"\r\nPhilippe Richaud.<\/pre>\n<p><img decoding=\"async\" class=\"ngg-singlepic ngg-center\" src=\"http:\/\/www.laphotodanslecadre.fr\/wordpress\/wp-content\/gallery\/programmes\/2005.jpg\" alt=\"2005.jpg\" \/><\/p>\n","protected":false},"excerpt":{"rendered":"<p>1 au 10 juillet 2005 \u2013 Pernes les Fontaines (84 \u2013 Vaucluse) Philippe RICHAUD : Provence sauvage \u00ab\u00a0N\u00e9 en 1966, je r\u00e9side \u00e0 Aubagne, dans le sud de la France. Mon temps libre m\u2019entra\u00eene \u00e0 parcourir le Grand Sud \u00e0 la d\u00e9couverte de nos paysages naturels. Autodidacte, la chambre grand format 4&#215;5 est l\u2019aboutissement de &hellip; <a href=\"https:\/\/www.laphotodanslecadre.fr\/wordpress\/pernes-les-photos\/2005-2\/\" class=\"more-link\">Continuer la lecture de <span class=\"screen-reader-text\">2005<\/span>  <span class=\"meta-nav\">&rarr;<\/span><\/a><\/p>\n","protected":false},"author":1,"featured_media":0,"parent":714,"menu_order":0,"comment_status":"closed","ping_status":"open","template":"","meta":{"ngg_post_thumbnail":0,"footnotes":""},"class_list":["post-736","page","type-page","status-publish","hentry"],"_links":{"self":[{"href":"https:\/\/www.laphotodanslecadre.fr\/wordpress\/wp-json\/wp\/v2\/pages\/736","targetHints":{"allow":["GET"]}}],"collection":[{"href":"https:\/\/www.laphotodanslecadre.fr\/wordpress\/wp-json\/wp\/v2\/pages"}],"about":[{"href":"https:\/\/www.laphotodanslecadre.fr\/wordpress\/wp-json\/wp\/v2\/types\/page"}],"author":[{"embeddable":true,"href":"https:\/\/www.laphotodanslecadre.fr\/wordpress\/wp-json\/wp\/v2\/users\/1"}],"replies":[{"embeddable":true,"href":"https:\/\/www.laphotodanslecadre.fr\/wordpress\/wp-json\/wp\/v2\/comments?post=736"}],"version-history":[{"count":3,"href":"https:\/\/www.laphotodanslecadre.fr\/wordpress\/wp-json\/wp\/v2\/pages\/736\/revisions"}],"predecessor-version":[{"id":790,"href":"https:\/\/www.laphotodanslecadre.fr\/wordpress\/wp-json\/wp\/v2\/pages\/736\/revisions\/790"}],"up":[{"embeddable":true,"href":"https:\/\/www.laphotodanslecadre.fr\/wordpress\/wp-json\/wp\/v2\/pages\/714"}],"wp:attachment":[{"href":"https:\/\/www.laphotodanslecadre.fr\/wordpress\/wp-json\/wp\/v2\/media?parent=736"}],"curies":[{"name":"wp","href":"https:\/\/api.w.org\/{rel}","templated":true}]}}