{"id":729,"date":"2015-04-03T19:30:30","date_gmt":"2015-04-03T19:30:30","guid":{"rendered":"http:\/\/www.laphotodanslecadre.fr\/wordpress\/?page_id=729"},"modified":"2015-04-03T21:03:18","modified_gmt":"2015-04-03T21:03:18","slug":"2004-2","status":"publish","type":"page","link":"https:\/\/www.laphotodanslecadre.fr\/wordpress\/pernes-les-photos\/2004-2\/","title":{"rendered":"2004"},"content":{"rendered":"<p><em><strong>3 au 11 juillet 2004 \u2013 Pernes les Fontaines (84 \u2013 Vaucluse)<\/strong><\/em><\/p>\n<p style=\"text-align: center;\">Portraits du Rajasthan, par Hans Silvester<\/p>\n<pre>Hans Silvester commence \u00e0 devenir un habitu\u00e9 de Pernes les Photos. Apr\u00e8s \"Le pain de Karpathos\" en 2003 voici ses \"Portraits du R\u00e2jasth\u00e2n\". \r\nCette exposition a une histoire singuli\u00e8re. Pour la publication de son ouvrage \"Les filles de Mirabail\" Hans part pendant trois ans et \u00e0 six reprises \u00e0 la rencontre des femmes du R\u00e2jasth\u00e2n. Mais parall\u00e8lement \u00e0 son travail il fait aussi les portraits gratuits et fraternels de ses amis : ses logeurs, ses guides, ses \"contacts\" divers, ceux qui forment en quelque sorte sa famille indienne. Et ces images restent dans ses archives personnelles.\r\nQuelques ann\u00e9es plus tard la soci\u00e9t\u00e9 de traitement photographique Dupon les lui demande pour effectuer des tirages grand format (1,80\u00a0 X 1,20 m) et les exposer lors de l'inauguration des locaux de l'entreprise \u00e0 Toulouse. Autant dire que les tirages, vitrine de l'un des meilleurs laboratoires fran\u00e7ais, sont particuli\u00e8rement soign\u00e9s.\r\nCes images, des diapositives \u00e0 l'origine, sont trait\u00e9es en technologie num\u00e9rique, fichier puis agrandissement, puis tirage sur papier\r\nphotographique.\r\nCe sont ces photos in\u00e9dites que Pernes les Photos vous propose aujourd'hui. Elles sont impressionnantes par leur format certes, par\r\nleur qualit\u00e9 technique sans aucun doute, mais surtout, et c'est l'art du photographe, par l'intensit\u00e9 de la pr\u00e9sence humaine qu'il a su capter et qui traduit la qualit\u00e9 d'une relation chaleureuse.<\/pre>\n<p><img decoding=\"async\" class=\"ngg-singlepic ngg-center\" src=\"http:\/\/www.laphotodanslecadre.fr\/wordpress\/wp-content\/gallery\/programmes\/2004.jpg\" alt=\"2004.jpg\" \/><\/p>\n","protected":false},"excerpt":{"rendered":"<p>3 au 11 juillet 2004 \u2013 Pernes les Fontaines (84 \u2013 Vaucluse) Portraits du Rajasthan, par Hans Silvester Hans Silvester commence \u00e0 devenir un habitu\u00e9 de Pernes les Photos. Apr\u00e8s \u00ab\u00a0Le pain de Karpathos\u00a0\u00bb en 2003 voici ses \u00ab\u00a0Portraits du R\u00e2jasth\u00e2n\u00a0\u00bb. Cette exposition a une histoire singuli\u00e8re. Pour la publication de son ouvrage \u00ab\u00a0Les filles &hellip; <a href=\"https:\/\/www.laphotodanslecadre.fr\/wordpress\/pernes-les-photos\/2004-2\/\" class=\"more-link\">Continuer la lecture de <span class=\"screen-reader-text\">2004<\/span>  <span class=\"meta-nav\">&rarr;<\/span><\/a><\/p>\n","protected":false},"author":1,"featured_media":0,"parent":714,"menu_order":0,"comment_status":"closed","ping_status":"open","template":"","meta":{"ngg_post_thumbnail":0,"footnotes":""},"class_list":["post-729","page","type-page","status-publish","hentry"],"_links":{"self":[{"href":"https:\/\/www.laphotodanslecadre.fr\/wordpress\/wp-json\/wp\/v2\/pages\/729","targetHints":{"allow":["GET"]}}],"collection":[{"href":"https:\/\/www.laphotodanslecadre.fr\/wordpress\/wp-json\/wp\/v2\/pages"}],"about":[{"href":"https:\/\/www.laphotodanslecadre.fr\/wordpress\/wp-json\/wp\/v2\/types\/page"}],"author":[{"embeddable":true,"href":"https:\/\/www.laphotodanslecadre.fr\/wordpress\/wp-json\/wp\/v2\/users\/1"}],"replies":[{"embeddable":true,"href":"https:\/\/www.laphotodanslecadre.fr\/wordpress\/wp-json\/wp\/v2\/comments?post=729"}],"version-history":[{"count":3,"href":"https:\/\/www.laphotodanslecadre.fr\/wordpress\/wp-json\/wp\/v2\/pages\/729\/revisions"}],"predecessor-version":[{"id":792,"href":"https:\/\/www.laphotodanslecadre.fr\/wordpress\/wp-json\/wp\/v2\/pages\/729\/revisions\/792"}],"up":[{"embeddable":true,"href":"https:\/\/www.laphotodanslecadre.fr\/wordpress\/wp-json\/wp\/v2\/pages\/714"}],"wp:attachment":[{"href":"https:\/\/www.laphotodanslecadre.fr\/wordpress\/wp-json\/wp\/v2\/media?parent=729"}],"curies":[{"name":"wp","href":"https:\/\/api.w.org\/{rel}","templated":true}]}}