{"id":726,"date":"2015-04-03T19:29:40","date_gmt":"2015-04-03T19:29:40","guid":{"rendered":"http:\/\/www.laphotodanslecadre.fr\/wordpress\/?page_id=726"},"modified":"2015-04-03T21:06:55","modified_gmt":"2015-04-03T21:06:55","slug":"2003-2","status":"publish","type":"page","link":"https:\/\/www.laphotodanslecadre.fr\/wordpress\/pernes-les-photos\/2003-2\/","title":{"rendered":"2003"},"content":{"rendered":"<p><em><strong>5 et 6 juillet 2003 \u2013 Pernes les Fontaines (84 \u2013 Vaucluse)<\/strong><\/em><\/p>\n<p style=\"text-align: center;\">Le pain de Karpathos, par Hans Silvester<\/p>\n<pre>\u00abSur l\u2019\u00eele de Karpathos, soir et matin, le parfum du pain chaud baigne et ensorcelle les escaliers et les venelles : \u00abC\u2019est l\u2019odeur du bon\r\nDieu\u00bb, jubile un vieux chantre qui l\u00e9zarde en \u00e9grenant son chapelet.\r\n\u00abComme Dieu, lance un pope malicieux, le pain est partout et ne co\u00fbte rien. Mais il est si pr\u00e9cieux qu\u2019on ne le vend nulle part !\u00bb.\r\nSur cette \u00eele grecque, la plus montagneuse de l\u2019archipel du Dod\u00e9can\u00e8se, on s\u2019obstine \u00e0 cultiver \u00e0 la main de minuscules parcelles caillouteuses pour cuire \u00e0 la maison, ainsi qu\u2019au temps de J\u00e9sus, le pain qui pourrait para\u00eetre le plus co\u00fbteux d\u2019Europe. \u00abNon, il est gratuit, proteste le pope. Car la semence vient du grenier et le meunier se paie en farine. La montagne donne le bois au four, le Ciel donne le vent au moulin, l\u2019eau et le soleil \u00e0 la terre.\u00bb Ni engrais, ni machines.\u00bb\r\n(Maurice Soutif - G\u00e9o n\u00b0168.)<\/pre>\n<p><img decoding=\"async\" class=\"ngg-singlepic ngg-center\" src=\"http:\/\/www.laphotodanslecadre.fr\/wordpress\/wp-content\/gallery\/programmes\/2003.jpg\" alt=\"2003.jpg\" \/><\/p>\n","protected":false},"excerpt":{"rendered":"<p>5 et 6 juillet 2003 \u2013 Pernes les Fontaines (84 \u2013 Vaucluse) Le pain de Karpathos, par Hans Silvester \u00abSur l\u2019\u00eele de Karpathos, soir et matin, le parfum du pain chaud baigne et ensorcelle les escaliers et les venelles : \u00abC\u2019est l\u2019odeur du bon Dieu\u00bb, jubile un vieux chantre qui l\u00e9zarde en \u00e9grenant son chapelet. &hellip; <a href=\"https:\/\/www.laphotodanslecadre.fr\/wordpress\/pernes-les-photos\/2003-2\/\" class=\"more-link\">Continuer la lecture de <span class=\"screen-reader-text\">2003<\/span>  <span class=\"meta-nav\">&rarr;<\/span><\/a><\/p>\n","protected":false},"author":1,"featured_media":0,"parent":714,"menu_order":0,"comment_status":"closed","ping_status":"closed","template":"","meta":{"ngg_post_thumbnail":0,"footnotes":""},"class_list":["post-726","page","type-page","status-publish","hentry"],"_links":{"self":[{"href":"https:\/\/www.laphotodanslecadre.fr\/wordpress\/wp-json\/wp\/v2\/pages\/726","targetHints":{"allow":["GET"]}}],"collection":[{"href":"https:\/\/www.laphotodanslecadre.fr\/wordpress\/wp-json\/wp\/v2\/pages"}],"about":[{"href":"https:\/\/www.laphotodanslecadre.fr\/wordpress\/wp-json\/wp\/v2\/types\/page"}],"author":[{"embeddable":true,"href":"https:\/\/www.laphotodanslecadre.fr\/wordpress\/wp-json\/wp\/v2\/users\/1"}],"replies":[{"embeddable":true,"href":"https:\/\/www.laphotodanslecadre.fr\/wordpress\/wp-json\/wp\/v2\/comments?post=726"}],"version-history":[{"count":4,"href":"https:\/\/www.laphotodanslecadre.fr\/wordpress\/wp-json\/wp\/v2\/pages\/726\/revisions"}],"predecessor-version":[{"id":795,"href":"https:\/\/www.laphotodanslecadre.fr\/wordpress\/wp-json\/wp\/v2\/pages\/726\/revisions\/795"}],"up":[{"embeddable":true,"href":"https:\/\/www.laphotodanslecadre.fr\/wordpress\/wp-json\/wp\/v2\/pages\/714"}],"wp:attachment":[{"href":"https:\/\/www.laphotodanslecadre.fr\/wordpress\/wp-json\/wp\/v2\/media?parent=726"}],"curies":[{"name":"wp","href":"https:\/\/api.w.org\/{rel}","templated":true}]}}